{"id":40,"date":"2021-02-24T11:47:41","date_gmt":"2021-02-24T11:47:41","guid":{"rendered":"https:\/\/xn--brancheforeningendansketantramassrerog-behandlere-n6e.dk\/?page_id=40"},"modified":"2021-11-10T20:54:13","modified_gmt":"2021-11-10T19:54:13","slug":"brancheforeningen-danske-tantramassoerer-og-behandlere","status":"publish","type":"page","link":"https:\/\/brancheforeningendansketantramassoererog-behandlere.dk\/","title":{"rendered":"Forside"},"content":{"rendered":"<p>[vc_row row_height_percent=&#8221;0&#8243; overlay_alpha=&#8221;50&#8243; gutter_size=&#8221;3&#8243; column_width_percent=&#8221;100&#8243; shift_y=&#8221;0&#8243; shift_y_fixed=&#8221;yes&#8221; z_index=&#8221;0&#8243;][vc_column column_width_percent=&#8221;100&#8243; gutter_size=&#8221;2&#8243; overlay_alpha=&#8221;50&#8243; shift_x=&#8221;0&#8243; shift_y=&#8221;0&#8243; shift_y_down=&#8221;0&#8243; z_index=&#8221;0&#8243; medium_width=&#8221;0&#8243; mobile_width=&#8221;0&#8243; width=&#8221;1\/3&#8243;][vc_custom_heading]Hvorfor en Brancheforening&#8230;.[\/vc_custom_heading][vc_column_text text_lead=&#8221;small&#8221;]<\/p>\n<div class=\"g-gridcontent-item-desc\">Et \u00f8nske om f\u00e6llesskab blandt uddannede tantramass\u00f8rer og -behandlere, samt skabe rammer af tryghed, gennemsigtighed og professionalisme for behandlere og\u00a0 klienter igennem bl.a. etiske regler.<\/div>\n<p>[\/vc_column_text][vc_button button_color=&#8221;color-210407&#8243; size=&#8221;btn-sm&#8221; radius=&#8221;btn-round&#8221; border_width=&#8221;0&#8243; icon_position=&#8221;right&#8221; link=&#8221;url:https%3A%2F%2Fbrancheforeningendansketantramassoererog-behandlere.dk%2Findex.php%2Fpresse-kunder%2F|title:Presse%20%2F%20kunder&#8221; button_color_type=&#8221;uncode-palette&#8221; icon=&#8221;fa fa-arrow-right&#8221; uncode_shortcode_id=&#8221;151936&#8243;]L\u00e6s mere her [\/vc_button][vc_column_text text_lead=&#8221;small&#8221;]<strong><a href=\"https:\/\/xn--brancheforeningendansketantramassrerog-behandlere-n6e.dk\/index.php\/hvad-er-en-tantrabehandling-tantramassage\/\">Hvad er en tantrabehandling \/ tantramassage?<\/a><\/strong>[\/vc_column_text][vc_button button_color=&#8221;color-210407&#8243; size=&#8221;btn-sm&#8221; radius=&#8221;btn-round&#8221; border_width=&#8221;0&#8243; icon_position=&#8221;right&#8221; link=&#8221;url:https%3A%2F%2Fbrancheforeningendansketantramassoererog-behandlere.dk%2Findex.php%2Fstottemedlemskab%2F|title:St%C3%B8ttemedlem&#8221; button_color_type=&#8221;uncode-palette&#8221; uncode_shortcode_id=&#8221;381655&#8243; icon=&#8221;fa fa-arrow-right&#8221;]Bliv st\u00f8ttemedlem &#8211; l\u00e6s mere her[\/vc_button][\/vc_column][vc_column column_width_percent=&#8221;70&#8243; gutter_size=&#8221;3&#8243; overlay_alpha=&#8221;50&#8243; shift_x=&#8221;0&#8243; shift_y=&#8221;0&#8243; shift_y_down=&#8221;0&#8243; z_index=&#8221;0&#8243; medium_width=&#8221;0&#8243; mobile_width=&#8221;0&#8243; width=&#8221;1\/3&#8243;][vc_single_image media=&#8221;574&#8243; media_width_percent=&#8221;100&#8243;][\/vc_column][vc_column column_width_percent=&#8221;100&#8243; gutter_size=&#8221;2&#8243; overlay_alpha=&#8221;50&#8243; shift_x=&#8221;0&#8243; shift_y=&#8221;0&#8243; shift_y_down=&#8221;0&#8243; z_index=&#8221;0&#8243; medium_width=&#8221;0&#8243; mobile_width=&#8221;0&#8243; width=&#8221;1\/3&#8243;][vc_custom_heading]Vores logo&#8230;.[\/vc_custom_heading][vc_column_text text_lead=&#8221;small&#8221; uncode_shortcode_id=&#8221;154350&#8243;]symboliserer det hjerte vi holder i vores h\u00e6nder og det f\u00e6llesskab vi har med kolleger rundt omkring i landet, som styrker det arbejde vi hver is\u00e6r g\u00f8r.<\/p>\n<p><strong>Dette logo m\u00e5 kun benyttes af foreningens medlemmer og m\u00e5 heller ikke bruges i anden sammenh\u00e6ng uden forudg\u00e5ende skriftelig godkendelse.<\/strong>[\/vc_column_text][vc_button button_color=&#8221;color-210407&#8243; size=&#8221;btn-sm&#8221; radius=&#8221;btn-round&#8221; border_width=&#8221;0&#8243; link=&#8221;url:https%3A%2F%2Fbrancheforeningendansketantramassoererog-behandlere.dk%2Findex.php%2Ftantramassoerer-og-behandlere%2F|title:Tantramass%C3%B8rer%20og%20-behandlere&#8221;]S\u00f8g medlemsskab[\/vc_button][vc_custom_heading text_size=&#8221;h3&#8243; uncode_shortcode_id=&#8221;237211&#8243;]Vores vej til tantraen:[\/vc_custom_heading][vc_button button_color=&#8221;color-210407&#8243; size=&#8221;btn-sm&#8221; radius=&#8221;btn-round&#8221; border_width=&#8221;0&#8243; icon_position=&#8221;right&#8221; button_color_type=&#8221;uncode-palette&#8221; icon=&#8221;fa fa-arrow-right&#8221; uncode_shortcode_id=&#8221;201923&#8243; link=&#8221;url:https%3A%2F%2Fbrancheforeningendansketantramassoererog-behandlere.dk%2Findex.php%2Ftantramassoerer-og-behandlere%2Fvideo-klip%2F|title:Video%20klip&#8221;]Se video her [\/vc_button][\/vc_column][\/vc_row]<\/p>\n","protected":false},"excerpt":{"rendered":"<p>[vc_row row_height_percent=&#8221;0&#8243; overlay_alpha=&#8221;50&#8243; gutter_size=&#8221;3&#8243; column_width_percent=&#8221;100&#8243; shift_y=&#8221;0&#8243; shift_y_fixed=&#8221;yes&#8221; z_index=&#8221;0&#8243;][vc_column column_width_percent=&#8221;100&#8243; gutter_size=&#8221;2&#8243; overlay_alpha=&#8221;50&#8243; shift_x=&#8221;0&#8243; shift_y=&#8221;0&#8243; shift_y_down=&#8221;0&#8243; z_index=&#8221;0&#8243; medium_width=&#8221;0&#8243; mobile_width=&#8221;0&#8243; width=&#8221;1\/3&#8243;][vc_custom_heading]Hvorfor en Brancheforening&#8230;.[\/vc_custom_heading][vc_column_text [&hellip;]<\/p>\n","protected":false},"author":2,"featured_media":570,"parent":0,"menu_order":0,"comment_status":"closed","ping_status":"closed","template":"","meta":{"footnotes":""},"class_list":["post-40","page","type-page","status-publish","has-post-thumbnail","hentry"],"yoast_head":"<!-- This site is optimized with the Yoast SEO plugin v27.6 - https:\/\/yoast.com\/product\/yoast-seo-wordpress\/ -->\n<title>Brancheforeningen Danske tantramass\u00f8rer og -behandlere | DTMB<\/title>\n<meta name=\"description\" content=\"Et f\u00e6llesskab for uddannede tantramass\u00f8rer og -behandlere, samt intention om tryghed, gennemsigtighed og professionalisme for klienter.\" \/>\n<meta name=\"robots\" content=\"index, follow, max-snippet:-1, max-image-preview:large, max-video-preview:-1\" \/>\n<link rel=\"canonical\" href=\"https:\/\/brancheforeningendansketantramassoererog-behandlere.dk\/\" \/>\n<meta property=\"og:locale\" content=\"da_DK\" \/>\n<meta property=\"og:type\" content=\"article\" \/>\n<meta property=\"og:title\" content=\"Brancheforeningen Danske tantramass\u00f8rer og -behandlere | DTMB\" \/>\n<meta property=\"og:description\" content=\"Et f\u00e6llesskab for uddannede tantramass\u00f8rer og -behandlere, samt intention om tryghed, gennemsigtighed og professionalisme for klienter.\" \/>\n<meta property=\"og:url\" content=\"https:\/\/brancheforeningendansketantramassoererog-behandlere.dk\/\" \/>\n<meta property=\"og:site_name\" content=\"DTMB\" \/>\n<meta property=\"article:publisher\" content=\"https:\/\/www.facebook.com\/Brancheforeningen-Danske-tantramass%c3%b8rer-og-behandlere-1687450851469586\" \/>\n<meta property=\"article:modified_time\" content=\"2021-11-10T19:54:13+00:00\" \/>\n<meta property=\"og:image\" content=\"https:\/\/brancheforeningendansketantramassoererog-behandlere.dk\/wp-content\/uploads\/2021\/03\/logo-hvid-baggrund-guld-hjerte.png\" \/>\n\t<meta property=\"og:image:width\" content=\"1966\" \/>\n\t<meta property=\"og:image:height\" content=\"1966\" \/>\n\t<meta property=\"og:image:type\" content=\"image\/png\" \/>\n<meta name=\"twitter:card\" content=\"summary_large_image\" \/>\n<meta name=\"twitter:label1\" content=\"Estimeret l\u00e6setid\" \/>\n\t<meta name=\"twitter:data1\" content=\"2 minutter\" \/>\n<script type=\"application\/ld+json\" class=\"yoast-schema-graph\">{\"@context\":\"https:\\\/\\\/schema.org\",\"@graph\":[{\"@type\":\"WebPage\",\"@id\":\"https:\\\/\\\/brancheforeningendansketantramassoererog-behandlere.dk\\\/\",\"url\":\"https:\\\/\\\/brancheforeningendansketantramassoererog-behandlere.dk\\\/\",\"name\":\"Brancheforeningen Danske tantramass\u00f8rer og -behandlere | DTMB\",\"isPartOf\":{\"@id\":\"https:\\\/\\\/brancheforeningendansketantramassoererog-behandlere.dk\\\/#website\"},\"primaryImageOfPage\":{\"@id\":\"https:\\\/\\\/brancheforeningendansketantramassoererog-behandlere.dk\\\/#primaryimage\"},\"image\":{\"@id\":\"https:\\\/\\\/brancheforeningendansketantramassoererog-behandlere.dk\\\/#primaryimage\"},\"thumbnailUrl\":\"https:\\\/\\\/brancheforeningendansketantramassoererog-behandlere.dk\\\/wp-content\\\/uploads\\\/2021\\\/03\\\/logo-hvid-baggrund-guld-hjerte.png\",\"datePublished\":\"2021-02-24T11:47:41+00:00\",\"dateModified\":\"2021-11-10T19:54:13+00:00\",\"description\":\"Et f\u00e6llesskab for uddannede tantramass\u00f8rer og -behandlere, samt intention om tryghed, gennemsigtighed og professionalisme for klienter.\",\"breadcrumb\":{\"@id\":\"https:\\\/\\\/brancheforeningendansketantramassoererog-behandlere.dk\\\/#breadcrumb\"},\"inLanguage\":\"da-DK\",\"potentialAction\":[{\"@type\":\"ReadAction\",\"target\":[\"https:\\\/\\\/brancheforeningendansketantramassoererog-behandlere.dk\\\/\"]}]},{\"@type\":\"ImageObject\",\"inLanguage\":\"da-DK\",\"@id\":\"https:\\\/\\\/brancheforeningendansketantramassoererog-behandlere.dk\\\/#primaryimage\",\"url\":\"https:\\\/\\\/brancheforeningendansketantramassoererog-behandlere.dk\\\/wp-content\\\/uploads\\\/2021\\\/03\\\/logo-hvid-baggrund-guld-hjerte.png\",\"contentUrl\":\"https:\\\/\\\/brancheforeningendansketantramassoererog-behandlere.dk\\\/wp-content\\\/uploads\\\/2021\\\/03\\\/logo-hvid-baggrund-guld-hjerte.png\",\"width\":1966,\"height\":1966,\"caption\":\"Brancheforeningen Danske tantramass\u00f8rer og -behandlere\"},{\"@type\":\"BreadcrumbList\",\"@id\":\"https:\\\/\\\/brancheforeningendansketantramassoererog-behandlere.dk\\\/#breadcrumb\",\"itemListElement\":[{\"@type\":\"ListItem\",\"position\":1,\"name\":\"Home\",\"item\":\"https:\\\/\\\/brancheforeningendansketantramassoererog-behandlere.dk\\\/\"},{\"@type\":\"ListItem\",\"position\":2,\"name\":\"Forside\"}]},{\"@type\":\"WebSite\",\"@id\":\"https:\\\/\\\/brancheforeningendansketantramassoererog-behandlere.dk\\\/#website\",\"url\":\"https:\\\/\\\/brancheforeningendansketantramassoererog-behandlere.dk\\\/\",\"name\":\"Brancheforeningen Danske tantramass\u00f8rer og -behandlere\",\"description\":\"Brancheforeningen danske tantra-mass\u00f8rer og-behandlere\",\"publisher\":{\"@id\":\"https:\\\/\\\/brancheforeningendansketantramassoererog-behandlere.dk\\\/#organization\"},\"potentialAction\":[{\"@type\":\"SearchAction\",\"target\":{\"@type\":\"EntryPoint\",\"urlTemplate\":\"https:\\\/\\\/brancheforeningendansketantramassoererog-behandlere.dk\\\/?s={search_term_string}\"},\"query-input\":{\"@type\":\"PropertyValueSpecification\",\"valueRequired\":true,\"valueName\":\"search_term_string\"}}],\"inLanguage\":\"da-DK\"},{\"@type\":\"Organization\",\"@id\":\"https:\\\/\\\/brancheforeningendansketantramassoererog-behandlere.dk\\\/#organization\",\"name\":\"Brancheforeningen Danske tantramass\u00f8rer og -behandlere\",\"url\":\"https:\\\/\\\/brancheforeningendansketantramassoererog-behandlere.dk\\\/\",\"logo\":{\"@type\":\"ImageObject\",\"inLanguage\":\"da-DK\",\"@id\":\"https:\\\/\\\/brancheforeningendansketantramassoererog-behandlere.dk\\\/#\\\/schema\\\/logo\\\/image\\\/\",\"url\":\"https:\\\/\\\/brancheforeningendansketantramassoererog-behandlere.dk\\\/wp-content\\\/uploads\\\/2021\\\/03\\\/logo-hvid-baggrund-guld-hjerte.png\",\"contentUrl\":\"https:\\\/\\\/brancheforeningendansketantramassoererog-behandlere.dk\\\/wp-content\\\/uploads\\\/2021\\\/03\\\/logo-hvid-baggrund-guld-hjerte.png\",\"width\":1966,\"height\":1966,\"caption\":\"Brancheforeningen Danske tantramass\u00f8rer og -behandlere\"},\"image\":{\"@id\":\"https:\\\/\\\/brancheforeningendansketantramassoererog-behandlere.dk\\\/#\\\/schema\\\/logo\\\/image\\\/\"},\"sameAs\":[\"https:\\\/\\\/www.facebook.com\\\/Brancheforeningen-Danske-tantramass\u00f8rer-og-behandlere-1687450851469586\"]}]}<\/script>\n<!-- \/ Yoast SEO plugin. -->","yoast_head_json":{"title":"Brancheforeningen Danske tantramass\u00f8rer og -behandlere | DTMB","description":"Et f\u00e6llesskab for uddannede tantramass\u00f8rer og -behandlere, samt intention om tryghed, gennemsigtighed og professionalisme for klienter.","robots":{"index":"index","follow":"follow","max-snippet":"max-snippet:-1","max-image-preview":"max-image-preview:large","max-video-preview":"max-video-preview:-1"},"canonical":"https:\/\/brancheforeningendansketantramassoererog-behandlere.dk\/","og_locale":"da_DK","og_type":"article","og_title":"Brancheforeningen Danske tantramass\u00f8rer og -behandlere | DTMB","og_description":"Et f\u00e6llesskab for uddannede tantramass\u00f8rer og -behandlere, samt intention om tryghed, gennemsigtighed og professionalisme for klienter.","og_url":"https:\/\/brancheforeningendansketantramassoererog-behandlere.dk\/","og_site_name":"DTMB","article_publisher":"https:\/\/www.facebook.com\/Brancheforeningen-Danske-tantramass%c3%b8rer-og-behandlere-1687450851469586","article_modified_time":"2021-11-10T19:54:13+00:00","og_image":[{"width":1966,"height":1966,"url":"https:\/\/brancheforeningendansketantramassoererog-behandlere.dk\/wp-content\/uploads\/2021\/03\/logo-hvid-baggrund-guld-hjerte.png","type":"image\/png"}],"twitter_card":"summary_large_image","twitter_misc":{"Estimeret l\u00e6setid":"2 minutter"},"schema":{"@context":"https:\/\/schema.org","@graph":[{"@type":"WebPage","@id":"https:\/\/brancheforeningendansketantramassoererog-behandlere.dk\/","url":"https:\/\/brancheforeningendansketantramassoererog-behandlere.dk\/","name":"Brancheforeningen Danske tantramass\u00f8rer og -behandlere | DTMB","isPartOf":{"@id":"https:\/\/brancheforeningendansketantramassoererog-behandlere.dk\/#website"},"primaryImageOfPage":{"@id":"https:\/\/brancheforeningendansketantramassoererog-behandlere.dk\/#primaryimage"},"image":{"@id":"https:\/\/brancheforeningendansketantramassoererog-behandlere.dk\/#primaryimage"},"thumbnailUrl":"https:\/\/brancheforeningendansketantramassoererog-behandlere.dk\/wp-content\/uploads\/2021\/03\/logo-hvid-baggrund-guld-hjerte.png","datePublished":"2021-02-24T11:47:41+00:00","dateModified":"2021-11-10T19:54:13+00:00","description":"Et f\u00e6llesskab for uddannede tantramass\u00f8rer og -behandlere, samt intention om tryghed, gennemsigtighed og professionalisme for klienter.","breadcrumb":{"@id":"https:\/\/brancheforeningendansketantramassoererog-behandlere.dk\/#breadcrumb"},"inLanguage":"da-DK","potentialAction":[{"@type":"ReadAction","target":["https:\/\/brancheforeningendansketantramassoererog-behandlere.dk\/"]}]},{"@type":"ImageObject","inLanguage":"da-DK","@id":"https:\/\/brancheforeningendansketantramassoererog-behandlere.dk\/#primaryimage","url":"https:\/\/brancheforeningendansketantramassoererog-behandlere.dk\/wp-content\/uploads\/2021\/03\/logo-hvid-baggrund-guld-hjerte.png","contentUrl":"https:\/\/brancheforeningendansketantramassoererog-behandlere.dk\/wp-content\/uploads\/2021\/03\/logo-hvid-baggrund-guld-hjerte.png","width":1966,"height":1966,"caption":"Brancheforeningen Danske tantramass\u00f8rer og -behandlere"},{"@type":"BreadcrumbList","@id":"https:\/\/brancheforeningendansketantramassoererog-behandlere.dk\/#breadcrumb","itemListElement":[{"@type":"ListItem","position":1,"name":"Home","item":"https:\/\/brancheforeningendansketantramassoererog-behandlere.dk\/"},{"@type":"ListItem","position":2,"name":"Forside"}]},{"@type":"WebSite","@id":"https:\/\/brancheforeningendansketantramassoererog-behandlere.dk\/#website","url":"https:\/\/brancheforeningendansketantramassoererog-behandlere.dk\/","name":"Brancheforeningen Danske tantramass\u00f8rer og -behandlere","description":"Brancheforeningen danske tantra-mass\u00f8rer og-behandlere","publisher":{"@id":"https:\/\/brancheforeningendansketantramassoererog-behandlere.dk\/#organization"},"potentialAction":[{"@type":"SearchAction","target":{"@type":"EntryPoint","urlTemplate":"https:\/\/brancheforeningendansketantramassoererog-behandlere.dk\/?s={search_term_string}"},"query-input":{"@type":"PropertyValueSpecification","valueRequired":true,"valueName":"search_term_string"}}],"inLanguage":"da-DK"},{"@type":"Organization","@id":"https:\/\/brancheforeningendansketantramassoererog-behandlere.dk\/#organization","name":"Brancheforeningen Danske tantramass\u00f8rer og -behandlere","url":"https:\/\/brancheforeningendansketantramassoererog-behandlere.dk\/","logo":{"@type":"ImageObject","inLanguage":"da-DK","@id":"https:\/\/brancheforeningendansketantramassoererog-behandlere.dk\/#\/schema\/logo\/image\/","url":"https:\/\/brancheforeningendansketantramassoererog-behandlere.dk\/wp-content\/uploads\/2021\/03\/logo-hvid-baggrund-guld-hjerte.png","contentUrl":"https:\/\/brancheforeningendansketantramassoererog-behandlere.dk\/wp-content\/uploads\/2021\/03\/logo-hvid-baggrund-guld-hjerte.png","width":1966,"height":1966,"caption":"Brancheforeningen Danske tantramass\u00f8rer og -behandlere"},"image":{"@id":"https:\/\/brancheforeningendansketantramassoererog-behandlere.dk\/#\/schema\/logo\/image\/"},"sameAs":["https:\/\/www.facebook.com\/Brancheforeningen-Danske-tantramass\u00f8rer-og-behandlere-1687450851469586"]}]}},"_links":{"self":[{"href":"https:\/\/brancheforeningendansketantramassoererog-behandlere.dk\/index.php\/wp-json\/wp\/v2\/pages\/40","targetHints":{"allow":["GET"]}}],"collection":[{"href":"https:\/\/brancheforeningendansketantramassoererog-behandlere.dk\/index.php\/wp-json\/wp\/v2\/pages"}],"about":[{"href":"https:\/\/brancheforeningendansketantramassoererog-behandlere.dk\/index.php\/wp-json\/wp\/v2\/types\/page"}],"author":[{"embeddable":true,"href":"https:\/\/brancheforeningendansketantramassoererog-behandlere.dk\/index.php\/wp-json\/wp\/v2\/users\/2"}],"replies":[{"embeddable":true,"href":"https:\/\/brancheforeningendansketantramassoererog-behandlere.dk\/index.php\/wp-json\/wp\/v2\/comments?post=40"}],"version-history":[{"count":46,"href":"https:\/\/brancheforeningendansketantramassoererog-behandlere.dk\/index.php\/wp-json\/wp\/v2\/pages\/40\/revisions"}],"predecessor-version":[{"id":841,"href":"https:\/\/brancheforeningendansketantramassoererog-behandlere.dk\/index.php\/wp-json\/wp\/v2\/pages\/40\/revisions\/841"}],"wp:featuredmedia":[{"embeddable":true,"href":"https:\/\/brancheforeningendansketantramassoererog-behandlere.dk\/index.php\/wp-json\/wp\/v2\/media\/570"}],"wp:attachment":[{"href":"https:\/\/brancheforeningendansketantramassoererog-behandlere.dk\/index.php\/wp-json\/wp\/v2\/media?parent=40"}],"curies":[{"name":"wp","href":"https:\/\/api.w.org\/{rel}","templated":true}]}}